{"id":357,"date":"2023-06-01T11:29:45","date_gmt":"2023-06-01T09:29:45","guid":{"rendered":"https:\/\/boutique.m-otionphotos.fr\/?page_id=357"},"modified":"2023-06-01T14:50:04","modified_gmt":"2023-06-01T12:50:04","slug":"informations-legales","status":"publish","type":"page","link":"https:\/\/boutique.m-otionphotos.fr\/index.php\/informations-legales\/","title":{"rendered":"Informations l\u00e9gales"},"content":{"rendered":"\n<p>Nom de l&rsquo;entreprise : Yannick MARTY<\/p>\n\n\n\n<p>Statut : Auto-entrepreneur <\/p>\n\n\n\n<p>Forme juridique : Entreprise individuelle <\/p>\n\n\n\n<p>Adresse : FRANCE, FEVES (Moselle 57)<\/p>\n\n\n\n<p>Num\u00e9ro de SIRET : 789 787 504 00016<\/p>\n\n\n\n<p>TVA non applicable, article 293 B du Code g\u00e9n\u00e9ral des imp\u00f4ts<\/p>\n\n\n\n<p>Dispens\u00e9 d\u2019immatriculation au registre du commerce et des soci\u00e9t\u00e9s (RCS) et au r\u00e9pertoire des m\u00e9tiers (RM)<\/p>\n","protected":false},"excerpt":{"rendered":"<p>Nom de l&rsquo;entreprise : Yannick MARTY Statut : Auto-entrepreneur Forme juridique : Entreprise individuelle Adresse : FRANCE, FEVES (Moselle 57) Num\u00e9ro de SIRET : 789 787 504 00016 TVA non applicable, article 293 B du Code g\u00e9n\u00e9ral des imp\u00f4ts Dispens\u00e9 d\u2019immatriculation au registre du commerce et des soci\u00e9t\u00e9s (RCS) et au r\u00e9pertoire des m\u00e9tiers (RM)<\/p>\n","protected":false},"author":1,"featured_media":0,"parent":0,"menu_order":0,"comment_status":"closed","ping_status":"closed","template":"","meta":{"footnotes":""},"class_list":["post-357","page","type-page","status-publish","hentry","entry","owp-thumbs-layout-horizontal","owp-btn-normal","owp-tabs-layout-horizontal","has-no-thumbnails","has-product-nav"],"_links":{"self":[{"href":"https:\/\/boutique.m-otionphotos.fr\/index.php\/wp-json\/wp\/v2\/pages\/357","targetHints":{"allow":["GET"]}}],"collection":[{"href":"https:\/\/boutique.m-otionphotos.fr\/index.php\/wp-json\/wp\/v2\/pages"}],"about":[{"href":"https:\/\/boutique.m-otionphotos.fr\/index.php\/wp-json\/wp\/v2\/types\/page"}],"author":[{"embeddable":true,"href":"https:\/\/boutique.m-otionphotos.fr\/index.php\/wp-json\/wp\/v2\/users\/1"}],"replies":[{"embeddable":true,"href":"https:\/\/boutique.m-otionphotos.fr\/index.php\/wp-json\/wp\/v2\/comments?post=357"}],"version-history":[{"count":1,"href":"https:\/\/boutique.m-otionphotos.fr\/index.php\/wp-json\/wp\/v2\/pages\/357\/revisions"}],"predecessor-version":[{"id":358,"href":"https:\/\/boutique.m-otionphotos.fr\/index.php\/wp-json\/wp\/v2\/pages\/357\/revisions\/358"}],"wp:attachment":[{"href":"https:\/\/boutique.m-otionphotos.fr\/index.php\/wp-json\/wp\/v2\/media?parent=357"}],"curies":[{"name":"wp","href":"https:\/\/api.w.org\/{rel}","templated":true}]}}