{"id":168,"date":"2023-05-31T10:50:09","date_gmt":"2023-05-31T08:50:09","guid":{"rendered":"https:\/\/boutique.m-otionphotos.fr\/?page_id=168"},"modified":"2024-06-07T15:45:41","modified_gmt":"2024-06-07T13:45:41","slug":"accueil","status":"publish","type":"page","link":"https:\/\/boutique.m-otionphotos.fr\/","title":{"rendered":"Accueil"},"content":{"rendered":"\t\t<div data-elementor-type=\"wp-page\" data-elementor-id=\"168\" class=\"elementor elementor-168\">\n\t\t\t\t\t\t\t\t\t<section class=\"elementor-section elementor-top-section elementor-element elementor-element-a0575c2 elementor-section-boxed elementor-section-height-default elementor-section-height-default\" data-id=\"a0575c2\" data-element_type=\"section\">\n\t\t\t\t\t\t<div class=\"elementor-container elementor-column-gap-default\">\n\t\t\t\t\t<div class=\"elementor-column elementor-col-100 elementor-top-column elementor-element elementor-element-f73a152\" data-id=\"f73a152\" data-element_type=\"column\">\n\t\t\t<div class=\"elementor-widget-wrap elementor-element-populated\">\n\t\t\t\t\t\t\t\t<div class=\"elementor-element elementor-element-88467ef elementor-widget elementor-widget-spacer\" data-id=\"88467ef\" data-element_type=\"widget\" data-widget_type=\"spacer.default\">\n\t\t\t\t<div class=\"elementor-widget-container\">\n\t\t\t<style>\/*! elementor - v3.13.3 - 28-05-2023 *\/\n.elementor-column .elementor-spacer-inner{height:var(--spacer-size)}.e-con{--container-widget-width:100%}.e-con-inner>.elementor-widget-spacer,.e-con>.elementor-widget-spacer{width:var(--container-widget-width,var(--spacer-size));--align-self:var(--container-widget-align-self,initial);--flex-shrink:0}.e-con-inner>.elementor-widget-spacer>.elementor-widget-container,.e-con-inner>.elementor-widget-spacer>.elementor-widget-container>.elementor-spacer,.e-con>.elementor-widget-spacer>.elementor-widget-container,.e-con>.elementor-widget-spacer>.elementor-widget-container>.elementor-spacer{height:100%}.e-con-inner>.elementor-widget-spacer>.elementor-widget-container>.elementor-spacer>.elementor-spacer-inner,.e-con>.elementor-widget-spacer>.elementor-widget-container>.elementor-spacer>.elementor-spacer-inner{height:var(--container-widget-height,var(--spacer-size))}<\/style>\t\t<div class=\"elementor-spacer\">\n\t\t\t<div class=\"elementor-spacer-inner\"><\/div>\n\t\t<\/div>\n\t\t\t\t<\/div>\n\t\t\t\t<\/div>\n\t\t\t\t<div class=\"elementor-element elementor-element-2f959a5 elementor-widget__width-initial elementor-widget elementor-widget-image\" data-id=\"2f959a5\" data-element_type=\"widget\" data-widget_type=\"image.default\">\n\t\t\t\t<div class=\"elementor-widget-container\">\n\t\t\t<style>\/*! elementor - v3.13.3 - 28-05-2023 *\/\n.elementor-widget-image{text-align:center}.elementor-widget-image a{display:inline-block}.elementor-widget-image a img[src$=\".svg\"]{width:48px}.elementor-widget-image img{vertical-align:middle;display:inline-block}<\/style>\t\t\t\t\t\t\t\t\t\t\t\t<img loading=\"lazy\" decoding=\"async\" width=\"1000\" height=\"250\" src=\"https:\/\/boutique.m-otionphotos.fr\/wp-content\/uploads\/2023\/06\/Banner-M-otion-boutique.jpg\" class=\"attachment-2048x2048 size-2048x2048 wp-image-6305\" alt=\"\" srcset=\"https:\/\/boutique.m-otionphotos.fr\/wp-content\/uploads\/2023\/06\/Banner-M-otion-boutique.jpg 1000w, https:\/\/boutique.m-otionphotos.fr\/wp-content\/uploads\/2023\/06\/Banner-M-otion-boutique-300x75.jpg 300w, https:\/\/boutique.m-otionphotos.fr\/wp-content\/uploads\/2023\/06\/Banner-M-otion-boutique-768x192.jpg 768w, https:\/\/boutique.m-otionphotos.fr\/wp-content\/uploads\/2023\/06\/Banner-M-otion-boutique-600x150.jpg 600w\" sizes=\"auto, (max-width: 1000px) 100vw, 1000px\" \/>\t\t\t\t\t\t\t\t\t\t\t\t\t\t\t<\/div>\n\t\t\t\t<\/div>\n\t\t\t\t\t<\/div>\n\t\t<\/div>\n\t\t\t\t\t\t\t<\/div>\n\t\t<\/section>\n\t\t\t\t<section class=\"elementor-section elementor-top-section elementor-element elementor-element-ce5cf32 elementor-section-boxed elementor-section-height-default elementor-section-height-default\" data-id=\"ce5cf32\" data-element_type=\"section\">\n\t\t\t\t\t\t<div class=\"elementor-container elementor-column-gap-default\">\n\t\t\t\t\t<div class=\"elementor-column elementor-col-100 elementor-top-column elementor-element elementor-element-6c1c5cc\" data-id=\"6c1c5cc\" data-element_type=\"column\">\n\t\t\t<div class=\"elementor-widget-wrap elementor-element-populated\">\n\t\t\t\t\t\t\t\t<div class=\"elementor-element elementor-element-b42f60b elementor-widget-divider--view-line_icon elementor-view-default elementor-widget-divider--element-align-center elementor-widget elementor-widget-divider\" data-id=\"b42f60b\" data-element_type=\"widget\" data-widget_type=\"divider.default\">\n\t\t\t\t<div class=\"elementor-widget-container\">\n\t\t\t<style>\/*! elementor - v3.13.3 - 28-05-2023 *\/\n.elementor-widget-divider{--divider-border-style:none;--divider-border-width:1px;--divider-color:#0c0d0e;--divider-icon-size:20px;--divider-element-spacing:10px;--divider-pattern-height:24px;--divider-pattern-size:20px;--divider-pattern-url:none;--divider-pattern-repeat:repeat-x}.elementor-widget-divider .elementor-divider{display:flex}.elementor-widget-divider .elementor-divider__text{font-size:15px;line-height:1;max-width:95%}.elementor-widget-divider .elementor-divider__element{margin:0 var(--divider-element-spacing);flex-shrink:0}.elementor-widget-divider .elementor-icon{font-size:var(--divider-icon-size)}.elementor-widget-divider .elementor-divider-separator{display:flex;margin:0;direction:ltr}.elementor-widget-divider--view-line_icon .elementor-divider-separator,.elementor-widget-divider--view-line_text .elementor-divider-separator{align-items:center}.elementor-widget-divider--view-line_icon .elementor-divider-separator:after,.elementor-widget-divider--view-line_icon .elementor-divider-separator:before,.elementor-widget-divider--view-line_text .elementor-divider-separator:after,.elementor-widget-divider--view-line_text .elementor-divider-separator:before{display:block;content:\"\";border-bottom:0;flex-grow:1;border-top:var(--divider-border-width) var(--divider-border-style) var(--divider-color)}.elementor-widget-divider--element-align-left .elementor-divider .elementor-divider-separator>.elementor-divider__svg:first-of-type{flex-grow:0;flex-shrink:100}.elementor-widget-divider--element-align-left .elementor-divider-separator:before{content:none}.elementor-widget-divider--element-align-left .elementor-divider__element{margin-left:0}.elementor-widget-divider--element-align-right .elementor-divider .elementor-divider-separator>.elementor-divider__svg:last-of-type{flex-grow:0;flex-shrink:100}.elementor-widget-divider--element-align-right .elementor-divider-separator:after{content:none}.elementor-widget-divider--element-align-right .elementor-divider__element{margin-right:0}.elementor-widget-divider:not(.elementor-widget-divider--view-line_text):not(.elementor-widget-divider--view-line_icon) .elementor-divider-separator{border-top:var(--divider-border-width) var(--divider-border-style) var(--divider-color)}.elementor-widget-divider--separator-type-pattern{--divider-border-style:none}.elementor-widget-divider--separator-type-pattern.elementor-widget-divider--view-line .elementor-divider-separator,.elementor-widget-divider--separator-type-pattern:not(.elementor-widget-divider--view-line) .elementor-divider-separator:after,.elementor-widget-divider--separator-type-pattern:not(.elementor-widget-divider--view-line) .elementor-divider-separator:before,.elementor-widget-divider--separator-type-pattern:not([class*=elementor-widget-divider--view]) .elementor-divider-separator{width:100%;min-height:var(--divider-pattern-height);-webkit-mask-size:var(--divider-pattern-size) 100%;mask-size:var(--divider-pattern-size) 100%;-webkit-mask-repeat:var(--divider-pattern-repeat);mask-repeat:var(--divider-pattern-repeat);background-color:var(--divider-color);-webkit-mask-image:var(--divider-pattern-url);mask-image:var(--divider-pattern-url)}.elementor-widget-divider--no-spacing{--divider-pattern-size:auto}.elementor-widget-divider--bg-round{--divider-pattern-repeat:round}.rtl .elementor-widget-divider .elementor-divider__text{direction:rtl}.e-con-inner>.elementor-widget-divider,.e-con>.elementor-widget-divider{width:var(--container-widget-width,100%);--flex-grow:var(--container-widget-flex-grow)}<\/style>\t\t<div class=\"elementor-divider\">\n\t\t\t<span class=\"elementor-divider-separator\">\n\t\t\t\t\t\t\t<div class=\"elementor-icon elementor-divider__element\">\n\t\t\t\t\t<i aria-hidden=\"true\" class=\"fas fa-shopping-cart\"><\/i><\/div>\n\t\t\t\t\t\t<\/span>\n\t\t<\/div>\n\t\t\t\t<\/div>\n\t\t\t\t<\/div>\n\t\t\t\t<section class=\"elementor-section elementor-inner-section elementor-element elementor-element-adca00d elementor-section-boxed elementor-section-height-default elementor-section-height-default\" data-id=\"adca00d\" data-element_type=\"section\">\n\t\t\t\t\t\t<div class=\"elementor-container elementor-column-gap-default\">\n\t\t\t\t\t<div class=\"elementor-column elementor-col-50 elementor-inner-column elementor-element elementor-element-5e9dc74\" data-id=\"5e9dc74\" data-element_type=\"column\">\n\t\t\t<div class=\"elementor-widget-wrap elementor-element-populated\">\n\t\t\t\t\t\t\t\t<div class=\"elementor-element elementor-element-d978847 elementor-widget elementor-widget-heading\" data-id=\"d978847\" data-element_type=\"widget\" data-widget_type=\"heading.default\">\n\t\t\t\t<div class=\"elementor-widget-container\">\n\t\t\t<style>\/*! elementor - v3.13.3 - 28-05-2023 *\/\n.elementor-heading-title{padding:0;margin:0;line-height:1}.elementor-widget-heading .elementor-heading-title[class*=elementor-size-]>a{color:inherit;font-size:inherit;line-height:inherit}.elementor-widget-heading .elementor-heading-title.elementor-size-small{font-size:15px}.elementor-widget-heading .elementor-heading-title.elementor-size-medium{font-size:19px}.elementor-widget-heading .elementor-heading-title.elementor-size-large{font-size:29px}.elementor-widget-heading .elementor-heading-title.elementor-size-xl{font-size:39px}.elementor-widget-heading .elementor-heading-title.elementor-size-xxl{font-size:59px}<\/style><h2 class=\"elementor-heading-title elementor-size-default\">Choisissez un \u00e9v\u00e8nement<\/h2>\t\t<\/div>\n\t\t\t\t<\/div>\n\t\t\t\t<div class=\"elementor-element elementor-element-dc5abd6 elementor-widget elementor-widget-heading\" data-id=\"dc5abd6\" data-element_type=\"widget\" data-widget_type=\"heading.default\">\n\t\t\t\t<div class=\"elementor-widget-container\">\n\t\t\t<p class=\"elementor-heading-title elementor-size-default\">Parcourez les albums et cat\u00e9gories disponibles et composez votre panier<\/p>\t\t<\/div>\n\t\t\t\t<\/div>\n\t\t\t\t\t<\/div>\n\t\t<\/div>\n\t\t\t\t<div class=\"elementor-column elementor-col-50 elementor-inner-column elementor-element elementor-element-1d2aabe\" data-id=\"1d2aabe\" data-element_type=\"column\">\n\t\t\t<div class=\"elementor-widget-wrap elementor-element-populated\">\n\t\t\t\t\t\t\t\t<div class=\"elementor-element elementor-element-89a3f9e elementor-widget elementor-widget-shortcode\" data-id=\"89a3f9e\" data-element_type=\"widget\" data-widget_type=\"shortcode.default\">\n\t\t\t\t<div class=\"elementor-widget-container\">\n\t\t\t\t\t<div class=\"elementor-shortcode\"> \n<div class=\"pcd-selector-box\" id=\"pcd_content\">\n  <div class=\"block-content\">\t            \t            \n    <div class=\"pcd-category-container\"><\/div>               \t\t\t\n    <!--<button type=\"button\" title=\"Search\" class=\"button pcd-submit\" ><span><span>Search<\/span><\/span><\/button>             \t-->\t      \t          \t\t      \t      \n  <\/div>\n<\/div>\n<script>\n  jQuery(function($){\n    $('#pcd_content').productCategoryDropdowns({             \n      categoryDefOptionTitle   : \"-- Cat\u00e9gorie --\",           \n      preCategories            : {\"rootCategoryIds\":[156,193,207,206],\"categories\":{\"156\":{\"title\":\"2023 Gala Domino : Une nuit au mus\\u00e9e\",\"url\":\"https:\\\/\\\/boutique.m-otionphotos.fr\\\/index.php\\\/categorie-produit\\\/gala-domino-2023\\\/\"},\"193\":{\"title\":\"2024 Gala Domino : Domino and friends\",\"url\":\"https:\\\/\\\/boutique.m-otionphotos.fr\\\/index.php\\\/categorie-produit\\\/gala-domino-and-friends-2024\\\/\"},\"207\":{\"title\":\"2024 Gala Domino : Le songe d Alice\",\"url\":\"https:\\\/\\\/boutique.m-otionphotos.fr\\\/index.php\\\/categorie-produit\\\/2024-gala-domino-le-songe-d-alice\\\/\"},\"206\":{\"title\":\"2024 Gala Domino : Vid\\u00e9os\",\"url\":\"https:\\\/\\\/boutique.m-otionphotos.fr\\\/index.php\\\/categorie-produit\\\/vid-gala-domi-2024\\\/\"}}},\n      selectedIds              : []                  \n    });\n  });\n<\/script>\n\n<\/div>\n\t\t\t\t<\/div>\n\t\t\t\t<\/div>\n\t\t\t\t\t<\/div>\n\t\t<\/div>\n\t\t\t\t\t\t\t<\/div>\n\t\t<\/section>\n\t\t\t\t\t<\/div>\n\t\t<\/div>\n\t\t\t\t\t\t\t<\/div>\n\t\t<\/section>\n\t\t\t\t<section class=\"elementor-section elementor-top-section elementor-element elementor-element-a542ff4 elementor-section-boxed elementor-section-height-default elementor-section-height-default\" data-id=\"a542ff4\" data-element_type=\"section\">\n\t\t\t\t\t\t<div class=\"elementor-container elementor-column-gap-default\">\n\t\t\t\t\t<div class=\"elementor-column elementor-col-100 elementor-top-column elementor-element elementor-element-8c80cda\" data-id=\"8c80cda\" data-element_type=\"column\">\n\t\t\t<div class=\"elementor-widget-wrap elementor-element-populated\">\n\t\t\t\t\t\t\t\t<div class=\"elementor-element elementor-element-07bd3a3 elementor-widget-divider--view-line_icon elementor-view-default elementor-widget-divider--element-align-center elementor-widget elementor-widget-divider\" data-id=\"07bd3a3\" data-element_type=\"widget\" data-widget_type=\"divider.default\">\n\t\t\t\t<div class=\"elementor-widget-container\">\n\t\t\t\t\t<div class=\"elementor-divider\">\n\t\t\t<span class=\"elementor-divider-separator\">\n\t\t\t\t\t\t\t<div class=\"elementor-icon elementor-divider__element\">\n\t\t\t\t\t<i aria-hidden=\"true\" class=\"fas fa-gift\"><\/i><\/div>\n\t\t\t\t\t\t<\/span>\n\t\t<\/div>\n\t\t\t\t<\/div>\n\t\t\t\t<\/div>\n\t\t\t\t\t<\/div>\n\t\t<\/div>\n\t\t\t\t\t\t\t<\/div>\n\t\t<\/section>\n\t\t\t\t<section class=\"elementor-section elementor-top-section elementor-element elementor-element-0b38dad elementor-section-boxed elementor-section-height-default elementor-section-height-default\" data-id=\"0b38dad\" data-element_type=\"section\">\n\t\t\t\t\t\t<div class=\"elementor-container elementor-column-gap-default\">\n\t\t\t\t\t<div class=\"elementor-column elementor-col-50 elementor-top-column elementor-element elementor-element-cdf9c98\" data-id=\"cdf9c98\" data-element_type=\"column\">\n\t\t\t<div class=\"elementor-widget-wrap elementor-element-populated\">\n\t\t\t\t\t\t\t\t<div class=\"elementor-element elementor-element-9655bd6 elementor-widget elementor-widget-heading\" data-id=\"9655bd6\" data-element_type=\"widget\" data-widget_type=\"heading.default\">\n\t\t\t\t<div class=\"elementor-widget-container\">\n\t\t\t<h2 class=\"elementor-heading-title elementor-size-default\">Offres promotionnelles<\/h2>\t\t<\/div>\n\t\t\t\t<\/div>\n\t\t\t\t<div class=\"elementor-element elementor-element-1f90669 elementor-widget elementor-widget-heading\" data-id=\"1f90669\" data-element_type=\"widget\" data-widget_type=\"heading.default\">\n\t\t\t\t<div class=\"elementor-widget-container\">\n\t\t\t<p class=\"elementor-heading-title elementor-size-default\"><span style=\"font-family: &quot;Open Sans&quot;, sans-serif; font-size: 14px; font-style: normal; font-variant-ligatures: normal; font-variant-caps: normal; font-weight: 400; white-space-collapse: collapse;\">Obtenez une remise automatique sur votre total d'achat en fonction de vos quantit\u00e9s command\u00e9es (concerne uniquement les fichiers photos et pas les fichiers vid\u00e9os).<\/span><br><br>Les photos apparaissant avec le terme \"OFFERT\" peuvent \u00eatre command\u00e9es pour tout achat d'au minimum un article payant. Elles ne peuvent \u00eatre command\u00e9es seules.<\/p>\t\t<\/div>\n\t\t\t\t<\/div>\n\t\t\t\t\t<\/div>\n\t\t<\/div>\n\t\t\t\t<div class=\"elementor-column elementor-col-50 elementor-top-column elementor-element elementor-element-296e72d\" data-id=\"296e72d\" data-element_type=\"column\">\n\t\t\t<div class=\"elementor-widget-wrap elementor-element-populated\">\n\t\t\t\t\t\t\t\t<div class=\"elementor-element elementor-element-237b5ab elementor-widget elementor-widget-text-editor\" data-id=\"237b5ab\" data-element_type=\"widget\" data-widget_type=\"text-editor.default\">\n\t\t\t\t<div class=\"elementor-widget-container\">\n\t\t\t<style>\/*! elementor - v3.13.3 - 28-05-2023 *\/\n.elementor-widget-text-editor.elementor-drop-cap-view-stacked .elementor-drop-cap{background-color:#69727d;color:#fff}.elementor-widget-text-editor.elementor-drop-cap-view-framed .elementor-drop-cap{color:#69727d;border:3px solid;background-color:transparent}.elementor-widget-text-editor:not(.elementor-drop-cap-view-default) .elementor-drop-cap{margin-top:8px}.elementor-widget-text-editor:not(.elementor-drop-cap-view-default) .elementor-drop-cap-letter{width:1em;height:1em}.elementor-widget-text-editor .elementor-drop-cap{float:left;text-align:center;line-height:1;font-size:50px}.elementor-widget-text-editor .elementor-drop-cap-letter{display:inline-block}<\/style>\t\t\t\t<table id=\"sort_customizable_table\" class=\"wdr_bulk_table_msg sar-table\">\n<thead class=\"wdr_bulk_table_thead\">\n<tr class=\"wdr_bulk_table_tr wdr_bulk_table_thead\">\n<th id=\"customize-bulk-table-title\" class=\"wdr_bulk_table_td awdr-dragable\">Remise PANIER<\/th>\n<th id=\"customize-bulk-table-range\" class=\"wdr_bulk_table_td awdr-dragable\">QUANTIT\u00c9S<\/th>\n<th id=\"customize-bulk-table-discount\" class=\"wdr_bulk_table_td awdr-dragable\">&nbsp;<\/th>\n<\/tr>\n<\/thead>\n<tbody>\n<tr class=\"wdr_bulk_table_tr bulk_table_row\">\n<td class=\"wdr_bulk_table_td wdr_bulk_title col_index_1\" data-colindex=\"1\">Tarif de base<\/td>\n<td class=\"wdr_bulk_table_td wdr_bulk_range col_index_2\" data-colindex=\"2\">de 0 \u00e0 5 fichiers<\/td>\n<td class=\"wdr_bulk_table_td wdr_bulk_table_discount col_index_3\" data-colindex=\"3\">&nbsp;<\/td>\n<\/tr>\n<tr class=\"wdr_bulk_table_tr bulk_table_row\">\n<td class=\"wdr_bulk_table_td wdr_bulk_title col_index_1\" data-colindex=\"1\">Remise 5%<\/td>\n<td class=\"wdr_bulk_table_td wdr_bulk_range col_index_2\" data-colindex=\"2\">de 6 \u00e0 10 fichiers<\/td>\n<td class=\"wdr_bulk_table_td wdr_bulk_table_discount col_index_3\" data-colindex=\"3\">&nbsp;<\/td>\n<\/tr>\n<tr class=\"wdr_bulk_table_tr bulk_table_row\">\n<td class=\"wdr_bulk_table_td wdr_bulk_title col_index_1\" data-colindex=\"1\">Remise 8%<\/td>\n<td class=\"wdr_bulk_table_td wdr_bulk_range col_index_2\" data-colindex=\"2\">de 11 \u00e0 15 fichiers<\/td>\n<td class=\"wdr_bulk_table_td wdr_bulk_table_discount col_index_3\" data-colindex=\"3\">&nbsp;<\/td>\n<\/tr>\n<tr class=\"wdr_bulk_table_tr bulk_table_row\">\n<td class=\"wdr_bulk_table_td wdr_bulk_title col_index_1\" data-colindex=\"1\">Remise 10%<\/td>\n<td class=\"wdr_bulk_table_td wdr_bulk_range col_index_2\" data-colindex=\"2\">de 16 \u00e0 19 fichiers<\/td>\n<td class=\"wdr_bulk_table_td wdr_bulk_table_discount col_index_3\" data-colindex=\"3\">&nbsp;<\/td>\n<\/tr>\n<tr class=\"wdr_bulk_table_tr bulk_table_row\">\n<td class=\"wdr_bulk_table_td wdr_bulk_title col_index_1\" data-colindex=\"1\">Remise 15%<\/td>\n<td class=\"wdr_bulk_table_td wdr_bulk_range col_index_2\" data-colindex=\"2\">20 fichiers et plus<\/td>\n<td class=\"wdr_bulk_table_td wdr_bulk_table_discount col_index_3\" data-colindex=\"3\">&nbsp;<\/td>\n<\/tr>\n<\/tbody>\n<\/table>\t\t\t\t\t\t<\/div>\n\t\t\t\t<\/div>\n\t\t\t\t\t<\/div>\n\t\t<\/div>\n\t\t\t\t\t\t\t<\/div>\n\t\t<\/section>\n\t\t\t\t<section class=\"elementor-section elementor-top-section elementor-element elementor-element-d5cfcb4 elementor-section-boxed elementor-section-height-default elementor-section-height-default\" data-id=\"d5cfcb4\" data-element_type=\"section\">\n\t\t\t\t\t\t<div class=\"elementor-container elementor-column-gap-default\">\n\t\t\t\t\t<div class=\"elementor-column elementor-col-100 elementor-top-column elementor-element elementor-element-e2eec79\" data-id=\"e2eec79\" data-element_type=\"column\">\n\t\t\t<div class=\"elementor-widget-wrap elementor-element-populated\">\n\t\t\t\t\t\t\t\t<div class=\"elementor-element elementor-element-ebde953 elementor-widget-divider--view-line_icon elementor-view-default elementor-widget-divider--element-align-center elementor-widget elementor-widget-divider\" data-id=\"ebde953\" data-element_type=\"widget\" data-widget_type=\"divider.default\">\n\t\t\t\t<div class=\"elementor-widget-container\">\n\t\t\t\t\t<div class=\"elementor-divider\">\n\t\t\t<span class=\"elementor-divider-separator\">\n\t\t\t\t\t\t\t<div class=\"elementor-icon elementor-divider__element\">\n\t\t\t\t\t<i aria-hidden=\"true\" class=\"far fa-question-circle\"><\/i><\/div>\n\t\t\t\t\t\t<\/span>\n\t\t<\/div>\n\t\t\t\t<\/div>\n\t\t\t\t<\/div>\n\t\t\t\t<div class=\"elementor-element elementor-element-b0e3560 elementor-widget elementor-widget-wl-faq\" data-id=\"b0e3560\" data-element_type=\"widget\" data-widget_type=\"wl-faq.default\">\n\t\t\t\t<div class=\"elementor-widget-container\">\n\t\t\t                \n            <div class=\"htwoolentor-faq htmove-icon-pos-before\" id=\"htwoolentor-faq-b0e3560\" data-settings=\"{&quot;showitem&quot;:false}\" >\n                                            <div class=\"htwoolentor-faq-card\">\n                                <div class=\"htwoolentor-faq-head\"><span class=\"htwoolentor-faq-head-indicator\"><\/span> <span class=\"htwoolentor-faq-head-text\">Comment \u00e7a marche ?<\/span><\/div>                                <div class=\"htwoolentor-faq-body\">\n                                    <div class=\"htwoolentor-faq-content\">\n                                    <p>C'est tr\u00e8s simple!<\/p><p>Notre boutique propose la vente de photographies et vid\u00e9os num\u00e9riques uniquement accessibles au t\u00e9l\u00e9chargement (nous ne proposons pas de tirages papiers en livraison).<\/p><p>Choisissez l'\u00e9v\u00e8nement\u00a0 souhait\u00e9 dans la boutique (mariages, reportages, galas...) et parcourez les cat\u00e9gories disponibles.<\/p><p>Ajoutez au fur et \u00e0 mesure vos photos dans votre panier d'achat.<\/p><p>Finalisez votre commande afin de recevoir les liens de t\u00e9l\u00e9chargement de vos photos originales.<\/p><p>Pour plus d'informations consultez nos\u00a0<span style=\"text-decoration: underline\"><a href=\"https:\/\/boutique.m-otionphotos.fr\/index.php\/conditions-generales-de-vente\/\">conditions g\u00e9n\u00e9rales de vente<\/a><\/span><\/p>                                    <\/div>\n                                <\/div>\n                            <\/div>\n                                                        <div class=\"htwoolentor-faq-card\">\n                                <div class=\"htwoolentor-faq-head\"><span class=\"htwoolentor-faq-head-indicator\"><\/span> <span class=\"htwoolentor-faq-head-text\">Paiements et retours<\/span><\/div>                                <div class=\"htwoolentor-faq-body\">\n                                    <div class=\"htwoolentor-faq-content\">\n                                    <p>Notre boutique propose le paiement en ligne par carte bancaire via notre plateforme de paiement Stripe.<\/p><p>\u00a0<\/p><p>Cette plateforme 100% s\u00e9curis\u00e9e vous permettra de r\u00e9aliser vos achats en toute tranquillit\u00e9.<\/p><p>\u00a0<\/p><p>Compte tenu de la nature des produits num\u00e9riques que nous proposons, aucun remboursement ne sera possible apr\u00e8s le t\u00e9l\u00e9chargement d'une \u0153uvre num\u00e9rique. Pour plus d'informations consultez notre <span style=\"text-decoration: underline\"><a href=\"https:\/\/boutique.m-otionphotos.fr\/index.php\/remboursements_retours\/\">politique de remboursement.<\/a><\/span><\/p>                                    <\/div>\n                                <\/div>\n                            <\/div>\n                                                        <div class=\"htwoolentor-faq-card\">\n                                <div class=\"htwoolentor-faq-head\"><span class=\"htwoolentor-faq-head-indicator\"><\/span> <span class=\"htwoolentor-faq-head-text\">Politique de confidentialit\u00e9<\/span><\/div>                                <div class=\"htwoolentor-faq-body\">\n                                    <div class=\"htwoolentor-faq-content\">\n                                    <p>Nous accordons une grande importance \u00e0 la confidentialit\u00e9 et \u00e0 la protection de vos donn\u00e9es personnelles. Conform\u00e9ment au R\u00e8glement G\u00e9n\u00e9ral sur la Protection des Donn\u00e9es (RGPD), nous nous engageons \u00e0 collecter, traiter et stocker vos donn\u00e9es personnelles de mani\u00e8re s\u00e9curis\u00e9e et conforme \u00e0 la loi.<\/p><p>\u00a0<\/p><p>Pour plus d'informations consultez notre <span style=\"text-decoration: underline\"><a href=\"https:\/\/boutique.m-otionphotos.fr\/index.php\/politique-de-confidentialite\/\">politique de confidentialit\u00e9<\/a><\/span>.<\/p>                                    <\/div>\n                                <\/div>\n                            <\/div>\n                                        <\/div>\n        \t\t<\/div>\n\t\t\t\t<\/div>\n\t\t\t\t\t<\/div>\n\t\t<\/div>\n\t\t\t\t\t\t\t<\/div>\n\t\t<\/section>\n\t\t\t\t\t\t\t<\/div>\n\t\t","protected":false},"excerpt":{"rendered":"<p>Choisissez un \u00e9v\u00e8nement Parcourez les albums et cat\u00e9gories disponibles et composez votre panier Offres promotionnelles Obtenez une remise automatique sur votre total d&rsquo;achat en fonction de vos quantit\u00e9s command\u00e9es (concerne uniquement les fichiers photos et pas les fichiers vid\u00e9os). Les photos apparaissant avec le terme \u00ab\u00a0OFFERT\u00a0\u00bb peuvent \u00eatre command\u00e9es pour tout achat d&rsquo;au minimum un [&hellip;]<\/p>\n","protected":false},"author":1,"featured_media":0,"parent":0,"menu_order":0,"comment_status":"closed","ping_status":"closed","template":"elementor_header_footer","meta":{"footnotes":""},"class_list":["post-168","page","type-page","status-publish","hentry","entry","owp-thumbs-layout-horizontal","owp-btn-normal","owp-tabs-layout-horizontal","has-no-thumbnails","has-product-nav"],"_links":{"self":[{"href":"https:\/\/boutique.m-otionphotos.fr\/index.php\/wp-json\/wp\/v2\/pages\/168","targetHints":{"allow":["GET"]}}],"collection":[{"href":"https:\/\/boutique.m-otionphotos.fr\/index.php\/wp-json\/wp\/v2\/pages"}],"about":[{"href":"https:\/\/boutique.m-otionphotos.fr\/index.php\/wp-json\/wp\/v2\/types\/page"}],"author":[{"embeddable":true,"href":"https:\/\/boutique.m-otionphotos.fr\/index.php\/wp-json\/wp\/v2\/users\/1"}],"replies":[{"embeddable":true,"href":"https:\/\/boutique.m-otionphotos.fr\/index.php\/wp-json\/wp\/v2\/comments?post=168"}],"version-history":[{"count":178,"href":"https:\/\/boutique.m-otionphotos.fr\/index.php\/wp-json\/wp\/v2\/pages\/168\/revisions"}],"predecessor-version":[{"id":7406,"href":"https:\/\/boutique.m-otionphotos.fr\/index.php\/wp-json\/wp\/v2\/pages\/168\/revisions\/7406"}],"wp:attachment":[{"href":"https:\/\/boutique.m-otionphotos.fr\/index.php\/wp-json\/wp\/v2\/media?parent=168"}],"curies":[{"name":"wp","href":"https:\/\/api.w.org\/{rel}","templated":true}]}}